{"id":906,"date":"2014-04-04T16:56:04","date_gmt":"2014-04-04T14:56:04","guid":{"rendered":"https:\/\/mb2014.fun2u.at\/?page_id=906"},"modified":"2014-04-04T17:07:49","modified_gmt":"2014-04-04T15:07:49","slug":"outsider","status":"publish","type":"page","link":"https:\/\/mb2014.fun2u.at\/?page_id=906","title":{"rendered":"Outsider"},"content":{"rendered":"<p><b>Prof. Adrian Dekkers<br \/>\n<\/b>Lebenseinstellung: Ich wei\u00df alles und kann alles (Bester Schifahrer, Surfer bei Windst\u00e4rke 9, Segler, glaubt als Gigolo den Sch\u00fclern beim Schulball die Freundinnen ausspannen zu k\u00f6nnen). Den Versuch einen Religionstest durchzuf\u00fchren gab er schon in der ersten Klasse auf.<\/p>\n<p><b>Prof. Karl Fuchs<br \/>\n<\/b>Bevorzugt Revolver statt Pistolen, denn mit denen kann man bei einem Bank\u00fcberfall auch aus der Tasche schie\u00dfen. Passionierter 5-Gang Lancia-Fahrer (&#8222;Mit der 4 bin ich 170 gefahren, aber dann habe ich ja noch den 5. Gang<br \/>\ngehabt.&#8220;). Findet seinen Stoff so langweilig, dass er im Labor einschl\u00e4ft. Kurz gesagt: Ein unheimlich cooler Typ. Hut ab.<\/p>\n<p><b>Prof. Marie-Therese Gibisch<br \/>\n<\/b>Eine der h\u00fcbschesten Professorinnen. Ignorierte die Liebesbezeugungen ihrer Sch\u00fcler Norbert und Manfred (Bei Redaktionsschluss waren keine gegenteilige Meldungen bekannt). Sie brachte uns bei, Professoren psychologisch zu nehmen.<\/p>\n<p><b>Prof. Franz Helmreich<br \/>\n<\/b>Erheiterte die Sch\u00fcler zeitweise, sonst gibt es relativ wenig zu sagen, da der Stoff zu wichtig war und Helmerl eine fachliche Autoit\u00e4t darstellt. Er weihte uns in die Grundlagen der B\u00fcrokratie ein.<\/p>\n<p><b>Prof. Rupert Kerschbaumer<br \/>\n<\/b>Spricht ein qu\u00e4lendes, akzentfreies Korneuburgerisch, geliebte Redewendung: &#8222;Liaba Freind, jetzt huarch amoi zua&#8220;, &#8222;Schauts Buaschn&#8220;. Passionierter Werftler, entwickelte Theorie des Einsturzes s\u00e4mtlicher H\u00e4user in Korneuburg durch die Erfindung des Werftmagnets. Ein Professor, dem man Pampers-Windeln empfehlen kann.<\/p>\n<p><b>Prof. Roswitha Kirk<br \/>\n<\/b>Charakteristik: Rubens-Figur mit eingebauten Hocht\u00f6nern und rrrollendem &#8222;R&#8220;. We call her Mama, our real and only. Die unumschr\u00e4nkte Herrscherin des Sprachlabors.<\/p>\n<p><b>Prof. Peter Richter<br \/>\n<\/b>Unser absoluter Spitzenmann, wei\u00df alles auf allen Gebieten (auch in jenen, die nichts mit der Schule zu tun haben). Ein korrekter Lehrer mit trockenem Humor. Schreibt in EDV immer brav mit (So wie wir in EMFU?!).<\/p>\n<p><b>Prof. Franz Ruspekhofer<br \/>\n<\/b>Dialektm\u00e4\u00dfige \u00c4hnlichkeit mit der k\u00e4rntner Putzfrau war nicht zu \u00fcberh\u00f6ren. Er brachte uns den trockenen, manchmal etwas schwer verst\u00e4ndlichen Stoff locker bei. So gibt es Logikschaltungen mit Ja, Nein und Vielleicht-Elementen. A smiley Professor.<\/p>\n<p><b>Prof. Ilse Rydl<br \/>\n<\/b>Our Lady of special legs and a hard of stone. Sie regte die Phantasie vieler Sch\u00fcler an. Durch ihre Unterrichtsgestaltung bekamen wir mehr mit als in anderen Gegenst\u00e4nden, doch die Beistrichregeln werden wir wohl nie begreifen. Im Endeffekt war sie mehr Mensch als Lehrer.<br \/>\nQuiz: ,, &#8222;Wer will mich&#8220;, zwei Beistriche suchen einen Heimplatz.<\/p>\n<p><b>Prof. Gilbert Schachner<br \/>\n<\/b>Der gro\u00dfe Diktator, J.R. der Schule. Fiel durch Kontroversen mit einigen Sch\u00fclern unangenehm auf und machte sich durch Ablesen seines Manuskriptes, bzw. Buches relativ unbeliebt. Doch in der 5. Klasse entwickelte er sich zu einem klassen Burschen.<\/p>\n<p><b>Prof. Peter Schwanda<br \/>\n<\/b>Kolbenheini. Hat L\u00f6cher in der Allgemeinbildung: Kennt keine Kolbenr\u00fcckzugsfeder. Ein v\u00e4terlicher Typ, unser &#8222;Papa Schwanda&#8220; mit gut erzogener Tochter (Sortierte unsere zahlreichen Entschuldigungen, speziellen<br \/>\nDank von Haumer 277 h, Feist 237 h, Branc 218 h und ex-equo Gino und Pseudo 205 h). Verwechselt Klassensprecher mit Betriebsratsobmann. Nach mehrmaligen Erkl\u00e4rungen Schwandas wissen auch wir, dass Topolino keine Pizza ist. Erz\u00e4hlt seine Witze zum besseren Verst\u00e4ndnis mehrmals, damit jeder wenigstens einmal gelacht hat. Setzt sich vorbildlich f\u00fcr die Klasse ein und war uns ein guter Klassenvorstand. Er setzt jedoch fachlich zu viel voraus und vertr\u00e4gt wenig Kritik, aber auch wir haben erfahren, dass ein Dieselmotor keine Z\u00fcndkerzen hat.<b> <\/b><\/p>\n<p><b>Prof. Leopold Stadler<br \/>\n<\/b>Lehnt den Vorschlag ab, das Physikkammerl in eine Disco oder in ein Raucherzimmer umzugestalten. Tr\u00e4gt offensichtlich Jockey-Unterhosen und entwickelte einen speziellen Krawattenknopf. Wandert gut ausger\u00fcstet (Mit<br \/>\nTurnschuhen und Fanta-Dose im Plastiksackerl) auf Ger\u00f6llhalden. Testet dann die Kniescheibenfstigkeit gegen\u00fcber der Fanta-Dose &#8211; trinkt nur mehr Dreh-und-Trink. Motto: Plastik statt Blech. Gutes fachliches Wissen, kann es leider nicht weitergeben. Baut gute und interessante Versuche auf, die jedoch oft den IQ der Sch\u00fcler \u00fcberstiegen.<\/p>\n<p><b>Prof. Eduard Svatek<br \/>\n<\/b>\u00c4u\u00dferst nasale Aussprache, legt sich auf nichts fest. Motto: Quantit\u00e4t statt Qualit\u00e4t. Testmotto: Biserl reeechnen, biserl Beispiel. Alleinunterhalter (&#8222;ich bin mir selbst genug&#8220; und erz\u00e4hlt sich ein paar Geschichten). Na, jaaaaa.<\/p>\n<p><b>Prof. Friedrich Sykora<br \/>\n<\/b>Er bewundert alle Professorinnen, war f\u00fcher der \u00e4rgste Frauenheld, lebt heute aber in soliden Verh\u00e4ltnissen. Teilt sehr gerne mit Hollergschwandtner (Sie verstanden sich auch sonst sehr gut). Liest gerne Zimm&#8217;s Zeitung. Achtung: Milchpakerlfetischist. Legte besonderen Wert auf Haumer&#8217;s Gesellschaft, da er ihn im Unterricht so wenig sah. Spricht fl\u00fcssiges Deutsch (Regenmantel und wasserfestes papier f\u00fcr Sitzen in der ersten Reihe Vorraussetzung). Hat ein &#8222;interessantes&#8220; Notensystem. Ein sehr menschlicher Professor mit Hang zum Verplaudern.<\/p>\n<p><b>Prof. Alfred Wittmann<br \/>\n<\/b>Our little big man of Mech Tech.<\/p>\n<p><b>Prof. Friedrich Zohmann<br \/>\n<\/b>Durch eifriges Ansagen (mit rekordverd\u00e4chtiger Seitenanzahl) regte er zwar die Denkarbeit nicht an, aber wir h\u00e4tten den Stoff sowieso nie begriffen. Ein humaner, freundlicher Lehrer, der das Handicap hatte einen Stoff unerrichten zu m\u00fcssen, der f\u00fcr uns nicht sehr verst\u00e4ndlich war und noch immer ist. Machte uns nach einem Besuch im Elektro-Pathologischem Museum zu harten M\u00e4nnern.<\/p>\n<p><b>Weiters begleiteten uns auf unserem Weg zur Matura:<br \/>\n<\/b>Prof. Franz Erbler<br \/>\nProf. Andreas Feiks<br \/>\nProf. Elisabeth Fisslberger<br \/>\nProf. Peter Gruntorad<br \/>\nProf. Margarethe K\u00f6hler<br \/>\nProf. Kurt Kollars<br \/>\nProf. Herbert Vockh<br \/>\nProf. Brigitte W\u00fcrfl<b><\/b><\/p>\n<p>Die Titel unserer werten Professoren zur freien Entnahme:<br \/>\nDipl. Ing. Mag. Dr. OstR. DKfm.<\/p>\n<p><b>Bauerhansl &amp; Grechenig &#8211; Turnen!<br \/>\n<\/b>&#8222;Jetzt wird&#8217;s hart &#8211; wir sind am Start!&#8220;<\/p>\n<p><img loading=\"lazy\" decoding=\"async\" class=\"size-full wp-image-909 alignnone\" style=\"margin-right: 10px; margin-left: 10px;\" alt=\"htl_turnen\" src=\"https:\/\/mb2014.fun2u.at\/wp-content\/uploads\/2014\/04\/htl_turnen.jpg\" width=\"204\" height=\"171\" \/><\/p>\n","protected":false},"excerpt":{"rendered":"<p>Prof. Adrian Dekkers Lebenseinstellung: Ich wei\u00df alles und kann alles (Bester Schifahrer, Surfer bei Windst\u00e4rke 9, Segler, glaubt als Gigolo den Sch\u00fclern beim Schulball die Freundinnen ausspannen zu k\u00f6nnen). Den Versuch einen Religionstest durchzuf\u00fchren gab er schon in der ersten Klasse auf. Prof. Karl Fuchs Bevorzugt Revolver statt Pistolen, denn mit denen kann man bei [&hellip;]<\/p>\n","protected":false},"author":1,"featured_media":0,"parent":808,"menu_order":2,"comment_status":"closed","ping_status":"closed","template":"","meta":{"footnotes":""},"_links":{"self":[{"href":"https:\/\/mb2014.fun2u.at\/index.php?rest_route=\/wp\/v2\/pages\/906"}],"collection":[{"href":"https:\/\/mb2014.fun2u.at\/index.php?rest_route=\/wp\/v2\/pages"}],"about":[{"href":"https:\/\/mb2014.fun2u.at\/index.php?rest_route=\/wp\/v2\/types\/page"}],"author":[{"embeddable":true,"href":"https:\/\/mb2014.fun2u.at\/index.php?rest_route=\/wp\/v2\/users\/1"}],"replies":[{"embeddable":true,"href":"https:\/\/mb2014.fun2u.at\/index.php?rest_route=%2Fwp%2Fv2%2Fcomments&post=906"}],"version-history":[{"count":4,"href":"https:\/\/mb2014.fun2u.at\/index.php?rest_route=\/wp\/v2\/pages\/906\/revisions"}],"predecessor-version":[{"id":911,"href":"https:\/\/mb2014.fun2u.at\/index.php?rest_route=\/wp\/v2\/pages\/906\/revisions\/911"}],"up":[{"embeddable":true,"href":"https:\/\/mb2014.fun2u.at\/index.php?rest_route=\/wp\/v2\/pages\/808"}],"wp:attachment":[{"href":"https:\/\/mb2014.fun2u.at\/index.php?rest_route=%2Fwp%2Fv2%2Fmedia&parent=906"}],"curies":[{"name":"wp","href":"https:\/\/api.w.org\/{rel}","templated":true}]}}