{"id":903,"date":"2014-04-04T16:43:05","date_gmt":"2014-04-04T14:43:05","guid":{"rendered":"http:\/\/https:\/\/mb2014.fun2u.at\/?page_id=903"},"modified":"2014-04-04T16:43:05","modified_gmt":"2014-04-04T14:43:05","slug":"insider","status":"publish","type":"page","link":"https:\/\/mb2014.fun2u.at\/?page_id=903","title":{"rendered":"Insider"},"content":{"rendered":"<p><strong>Robert Aigner<\/strong><br \/>\nLederhosenfreak, Flinserl links, neckt gerne Kiendl, spielt von Cool bis warm. War selten ansprechbar, da er meist auf seiner Welle &#8211; Egotrip &#8211; war. Telephonierte prinzipiell nur w\u00e4hrend der Stunde mit seiner Freundin.<\/p>\n<p><strong>Franz Boisits<\/strong><br \/>\nGr\u00f6\u00dfenwahnsinniger, linker Alternativer! Religionsbekenntnis: Das rote Kalb. Stadler k\u00f6nnte seine Fehler noch so gut verstecken, Franz w\u00fcrde sie entdecken. Vom Wissen her fast der einzige Techniker (+ Hasi). Tauschfetischist: Blumen gegen Sonnen\u00f6l, Sonnen\u00f6l gegen Tischtennisschl\u00e4ger, Tischtennisschl\u00e4ger gegen Ball, Ball gegen Tischtennisschl\u00e4ger, usw. Trotz kommunistischer Lebenseinstellung f\u00e4hrt er auf kapitalistische Frauen ab.<\/p>\n<p><strong>Martin Branc<\/strong><br \/>\nWar meist im B\u00f6hmischen Prater anzutreffen (statt Schule). Versorgte uns mit maschingeschriebenen Heften, die wir eifrig kopierten. Hat den bl\u00f6desten Schm\u00e4h der Klasse. Flugtheoretiker (Berufsaussicht: Weichensteller bei der AUA).<\/p>\n<p><strong>Martin Buresch<\/strong><br \/>\nWar st\u00e4ndig bem\u00fcht einen guten Kontakt zur Fachvorstehung zu halten (Besonders mit Frl. Bergmann plauderte er gerne). Bildete die Regierung als Betriebsratsobmann (frei nach Schwanda), hatte somit die Alleinherrschaft \u00fcber 21 Sch\u00fcler.<\/p>\n<p><strong>Norbert Feist<\/strong><br \/>\n(Oasch) Leitspruch: Das Vertreten der Meinung ist wichtiger als diese selbst. Streitet sehr gerne mit allen um nichts. Oppositionspartner. Schachners pers\u00f6nlicher Freund. L\u00e4sst sich vom Rest der Klasse (haupts\u00e4chlich Manfred P.) die Fressalien aus dem Buffet holen.<\/p>\n<p><strong>Gerhard Hahn<\/strong><br \/>\nStra\u00dfhofer Farmer (Bauer). Der Mann mit dem akzentfreiem Oxford-Englisch, z.B.: valves [wulfs]. Ackert mit seinem Stra\u00dfenmotorrad durch die Felder, mit dem Motto: von 140 auf 0 in 1,2 sec. &#8211; die schnellste Art stehenzubleiben. Hat auf seine Kuh einen Bock.<\/p>\n<p><strong>Stefan Haslinger<\/strong><br \/>\nSchl\u00e4ft lieber in der Schule als Zuhause. Weltgutester Surfer, u.a. Neujahrssurfer (1.J\u00e4nner 1984) festgehalten im Guinnes-Buch der Beklopften. Brachte Feist durch die 4. und 5. Klasse, schaffte einen Vorzug mit Null<br \/>\nFehlstunden, trotzdem er fragw\u00fcrdige Geschenke von Lehrern (Plus) nicht annahm.<\/p>\n<p><strong>Andreas Haumer<\/strong><br \/>\nSeltener, gern gesehener Gast im Unterricht. F\u00fchrte das Extrablatt aus der Finanzkrise (durch eifriges Spielen am Wurliwurm-Automaten). \u00dcberzeugter Peugeot-Werksfahrer. Sykoras spezieller Freund (siehe Outsider &#8211; Sykora). Theoretischer Betriebsratsobmannstellvertreter und somit Koalitionspartner. Begeisterter Turner?!<\/p>\n<p><strong>Robert Hollergschwandtner<\/strong><br \/>\nKann sich zwischen Anzug und Bergschuhen nicht entscheiden. Schwammerlsucher, errang einige Noten seines Vorzuges durch eifriges Schleimen (u.a. bei Sykora, Kerschbaum und Svatek). Hat vom Stra\u00dfenbahnfahren struppige Haare. Malt gerne VW-K\u00e4fer an, zur Zeit noch seinen eigenen. Verleitete die Klasse zum Gl\u00fccksspiel.<\/p>\n<p><strong>Gerhard Jenisch<\/strong><br \/>\n(Gino) Der Mann mit den unqualifizierten Meldungen. Hat die sch\u00f6nsten Schuhe und hat es endlich geschafft, das Auto seiner Schuhfarbe anzupassen (Von FIAT-127 in die Ritmo-85-Klasse aufgestiegen). Ihm gelang es eine Turnbefreiung f\u00fcr die ganze 5. Klasse zu bekommen.<\/p>\n<p><strong>Robert Kalkhauser<\/strong><br \/>\n(Kleksi) Bruce Lee&#8217;s Erbe. Wehrte auch die hinterlistigsten Angriffe der Luftschl\u00e4uche im MRT-Labor mit einer einzigartigen Reaktion ab. Hielt auch Prof. Sykora in Schach. Militarist.<\/p>\n<p><strong>Robert Kiendl<\/strong><br \/>\nNena&#8217;s einziger und wirklicher Freund, erregt sich an BRAVO-Heften, l\u00e4sst sich gerne von Aigner necken. Auszug aus seiner KM-Zusammenfassung: &#8222;Bei dieser \u00dcbung haben wir sehr viel f\u00fcr unser sp\u00e4teres Leben gelernt, besonders ich.&#8220; &#8230;&#8230;..<\/p>\n<p><strong>Wolfgang Nemec<\/strong><br \/>\n(K\u00fcnstler) Rockmusiker (&#8222;In 3 Jahren bin ich so weit&#8220;), Maler &#8211; von naiv kindlich bis suspekt. Dichter &#8211; Autor eines vielgelesenen Tagebuches. Chemiker &#8211; Spezialgebiet SO2, wehrt sich aber dagegen ein Biologe zu sein. Ihm gelang es als einzigem im Psychologieunterricht die Gef\u00fchlsebene auszuschalten. Fanatischer Verfolger des &#8222;Point of no return&#8220;.<\/p>\n<p><strong>Andreas Marchesani<\/strong><br \/>\n(Pseudo) Schraubenspezialist, Ex-Vespa-Fahrer &#8211; Motto: Hinterradfahren ist fad oder so schmei\u00dfe ich die Vespa weg. Baute die sch\u00f6nsten Wheelys Wiens. Popper wieder Willen. Rang im Stammbaum: Schrammel&#8217;s Sohn (ganz der Papa). Ex-Atrium-Fetischist, jetzt Lonely Dancer im Wurlitzer. Na Servus!<\/p>\n<p><strong>Johannes Petrus<\/strong><br \/>\n1. Teil der schrecklichen Zwillinge, passionierter Biertrinker mit Hang zu Jim Beam. Zapp-Rocker, wei\u00df alle Fragen in KM zu beantworten. Motto: Wer liest am schnellsten. Hat zu kleine H\u00e4nde um seine gro\u00dfe Go zu halten.<\/p>\n<p><strong>Karl Pfleger<\/strong><br \/>\nDer Zwillinge 2. Teil. Bester Baucht\u00e4nzer der Klasse (Hula-Hop). Taunusfahrer, weil viele Bierkisten reinpassen. Auch er hat zu kleine H\u00e4nde.<\/p>\n<p><strong>Michael Pirsak<\/strong><br \/>\nMini-Kung-Fu. &#8222;Wenn ich gro\u00df bin werde ich Kalkhauser.&#8220; Seine Schreibmaschine hat die sch\u00f6nste Schrift.<\/p>\n<p><strong>Gerhard Pitsch<\/strong><br \/>\nSpezialist f\u00fcr Schwedinnen. Wahlheimat Tirol, Motto: &#8222;Trink ma no a 8-erle, es muss ja net des letzte sein&#8220;. Mitglied der Neutralen Partei.<\/p>\n<p><strong>Manfred P\u00f6tsch<\/strong><br \/>\nBester Surf- und Trickschitheoretiker. Fehlte und zeichnete am wenigsten in K\u00dc, hatte aber nach einer halben Stunde die sch\u00f6nste Schraubenfeder der Klasse. Weiberheld: Vernaschte nur Schokolade (2 St\u00fcck = 1 Frau). Versorgte uns w\u00e4hrend seiner Karottendi\u00e4t mit Vitaminen. Machte mehr oder weniger freiwillig Buffetdienst. Im Duell um den bl\u00f6desten Lacher musste er sich nur Prof. Kerschbaum geschlagen geben.<\/p>\n<p><strong>G\u00fcnther P\u00f6tz<\/strong><br \/>\n(Emu) Das lange Elend ist am 4.April 1983 aus dem Gesellschaftsleben ausgeschieden (Pantoffelheld &#8211; lernte seine Freundin kennen). Merkmale: kleinb\u00fcrgerlich, neugierig mit Hang zur Hysterie.<\/p>\n<p><strong>Michael Schachermayer<\/strong><br \/>\nRapid-Fan, Koalitionspartner. Liefert die Kolbenmaschinenberechnungen f\u00fcr die ganze Klasse, Gott sei Dank nicht seine, sondern die seines Bruders. Merkmale: modische Kleidung (La Sch\u00f6ps).<\/p>\n<p><strong>Alfons Zimm<\/strong><br \/>\nIndustriellensohn mit B\u00fcro im Schweizerhaus. Belieferte Prof. Dekkers mit echten Zimm-Socken (Durch Dekker&#8217;s luftige Sandalen lie\u00df sich ein guter Werbeeffekt erzielen). Ein echter Waldviertler geht nicht unter! Er fehlte nur bei der Taufe siner S\u00f6hne &#8230;. es waren nur sehr viele.<\/p>\n","protected":false},"excerpt":{"rendered":"<p>Robert Aigner Lederhosenfreak, Flinserl links, neckt gerne Kiendl, spielt von Cool bis warm. War selten ansprechbar, da er meist auf seiner Welle &#8211; Egotrip &#8211; war. Telephonierte prinzipiell nur w\u00e4hrend der Stunde mit seiner Freundin. Franz Boisits Gr\u00f6\u00dfenwahnsinniger, linker Alternativer! Religionsbekenntnis: Das rote Kalb. Stadler k\u00f6nnte seine Fehler noch so gut verstecken, Franz w\u00fcrde sie [&hellip;]<\/p>\n","protected":false},"author":1,"featured_media":0,"parent":808,"menu_order":1,"comment_status":"closed","ping_status":"closed","template":"","meta":{"footnotes":""},"_links":{"self":[{"href":"https:\/\/mb2014.fun2u.at\/index.php?rest_route=\/wp\/v2\/pages\/903"}],"collection":[{"href":"https:\/\/mb2014.fun2u.at\/index.php?rest_route=\/wp\/v2\/pages"}],"about":[{"href":"https:\/\/mb2014.fun2u.at\/index.php?rest_route=\/wp\/v2\/types\/page"}],"author":[{"embeddable":true,"href":"https:\/\/mb2014.fun2u.at\/index.php?rest_route=\/wp\/v2\/users\/1"}],"replies":[{"embeddable":true,"href":"https:\/\/mb2014.fun2u.at\/index.php?rest_route=%2Fwp%2Fv2%2Fcomments&post=903"}],"version-history":[{"count":2,"href":"https:\/\/mb2014.fun2u.at\/index.php?rest_route=\/wp\/v2\/pages\/903\/revisions"}],"predecessor-version":[{"id":905,"href":"https:\/\/mb2014.fun2u.at\/index.php?rest_route=\/wp\/v2\/pages\/903\/revisions\/905"}],"up":[{"embeddable":true,"href":"https:\/\/mb2014.fun2u.at\/index.php?rest_route=\/wp\/v2\/pages\/808"}],"wp:attachment":[{"href":"https:\/\/mb2014.fun2u.at\/index.php?rest_route=%2Fwp%2Fv2%2Fmedia&parent=903"}],"curies":[{"name":"wp","href":"https:\/\/api.w.org\/{rel}","templated":true}]}}