{"id":824,"date":"2014-04-04T12:02:13","date_gmt":"2014-04-04T10:02:13","guid":{"rendered":"https:\/\/mb2014.fun2u.at\/?page_id=824"},"modified":"2018-04-23T08:59:36","modified_gmt":"2018-04-23T06:59:36","slug":"turniertanz","status":"publish","type":"page","link":"https:\/\/mb2014.fun2u.at\/?page_id=824","title":{"rendered":"Turniertanz"},"content":{"rendered":"<p><a href=\"https:\/\/mb2014.fun2u.at\/wp-content\/uploads\/2014\/04\/Tanzen_Renate01.jpg\"><img loading=\"lazy\" decoding=\"async\" class=\"size-full wp-image-826 alignright\" style=\"margin-right: 10px; margin-left: 10px;\" src=\"https:\/\/mb2014.fun2u.at\/wp-content\/uploads\/2014\/04\/Tanzen_Renate01.jpg\" alt=\"Tanzen_Renate01\" width=\"246\" height=\"227\" \/><\/a>Man kann mit Fug und Recht behaupten, dass es das Turniertanzen f\u00fcr uns einfach ist. Wir lieben es, ein gemeinsames Hobby zu haben. Trotz des fast t\u00e4glichen Trainings und kleineren Uneinigkeiten auf der Tanzfl\u00e4che macht uns dieser Sport sehr viel Spa\u00df. Und unsere Erfolge machen uns nat\u00fcrlich dann auch viel Freude.<\/p>\n<p>&nbsp;<\/p>\n<p><a href=\"https:\/\/mb2014.fun2u.at\/wp-content\/uploads\/2014\/04\/Tanzen_Martin01.jpg\"><img loading=\"lazy\" decoding=\"async\" class=\"alignleft  wp-image-825\" style=\"margin-right: 10px; margin-left: 10px;\" src=\"https:\/\/mb2014.fun2u.at\/wp-content\/uploads\/2014\/04\/Tanzen_Martin01-227x300.jpg\" alt=\"Tanzen_Martin01\" width=\"182\" height=\"240\" srcset=\"https:\/\/mb2014.fun2u.at\/wp-content\/uploads\/2014\/04\/Tanzen_Martin01-227x300.jpg 227w, https:\/\/mb2014.fun2u.at\/wp-content\/uploads\/2014\/04\/Tanzen_Martin01.jpg 246w\" sizes=\"(max-width: 182px) 100vw, 182px\" \/><\/a><\/p>\n<p>Aber auch wenn wir erfolgreich sind: Wir merken zusehend, dass man als Senior nur mehr bedingt ein wirklich guter T\u00e4nzer wird. Aus den allgemeinen Klassen str\u00f6men immer mehr T\u00e4nzer auch in die Seniorenklassen und diesen Technikvorsprung kann man nicht wettmachen. Noch halten wir uns in unserer Altersklasse recht gut und noch machen wir auch Fortschritte. Aber wir sind nun auch schon bei den Senioren III angekommen, ein Ende der M\u00f6glichkeiten ist schon in Sicht.<\/p>\n<p>&nbsp;<\/p>\n<p><a href=\"https:\/\/www.tsk-imperialwien.at\" target=\"_blank\">Mehr zu unserem Tanzsportclub &#8230;<\/a><\/p>\n<p>&nbsp;<\/p>\n<p>In den Neuigkeiten und auf der Startseite findet Ihr aktuelle Informationen zu unseren Tanzaktivit\u00e4ten (Fotos, Videos, Termine)!<\/p>\n","protected":false},"excerpt":{"rendered":"<p>Man kann mit Fug und Recht behaupten, dass es das Turniertanzen f\u00fcr uns einfach ist. Wir lieben es, ein gemeinsames Hobby zu haben. Trotz des fast t\u00e4glichen Trainings und kleineren Uneinigkeiten auf der Tanzfl\u00e4che macht uns dieser Sport sehr viel Spa\u00df. Und unsere Erfolge machen uns nat\u00fcrlich dann auch viel Freude. &nbsp; Aber auch wenn [&hellip;]<\/p>\n","protected":false},"author":1,"featured_media":0,"parent":246,"menu_order":5,"comment_status":"closed","ping_status":"closed","template":"","meta":{"footnotes":""},"_links":{"self":[{"href":"https:\/\/mb2014.fun2u.at\/index.php?rest_route=\/wp\/v2\/pages\/824"}],"collection":[{"href":"https:\/\/mb2014.fun2u.at\/index.php?rest_route=\/wp\/v2\/pages"}],"about":[{"href":"https:\/\/mb2014.fun2u.at\/index.php?rest_route=\/wp\/v2\/types\/page"}],"author":[{"embeddable":true,"href":"https:\/\/mb2014.fun2u.at\/index.php?rest_route=\/wp\/v2\/users\/1"}],"replies":[{"embeddable":true,"href":"https:\/\/mb2014.fun2u.at\/index.php?rest_route=%2Fwp%2Fv2%2Fcomments&post=824"}],"version-history":[{"count":9,"href":"https:\/\/mb2014.fun2u.at\/index.php?rest_route=\/wp\/v2\/pages\/824\/revisions"}],"predecessor-version":[{"id":1975,"href":"https:\/\/mb2014.fun2u.at\/index.php?rest_route=\/wp\/v2\/pages\/824\/revisions\/1975"}],"up":[{"embeddable":true,"href":"https:\/\/mb2014.fun2u.at\/index.php?rest_route=\/wp\/v2\/pages\/246"}],"wp:attachment":[{"href":"https:\/\/mb2014.fun2u.at\/index.php?rest_route=%2Fwp%2Fv2%2Fmedia&parent=824"}],"curies":[{"name":"wp","href":"https:\/\/api.w.org\/{rel}","templated":true}]}}