{"id":822,"date":"2014-04-04T11:53:28","date_gmt":"2014-04-04T09:53:28","guid":{"rendered":"https:\/\/mb2014.fun2u.at\/?page_id=822"},"modified":"2014-04-24T19:20:21","modified_gmt":"2014-04-24T17:20:21","slug":"rocknroll-akrobatik","status":"publish","type":"page","link":"https:\/\/mb2014.fun2u.at\/?page_id=822","title":{"rendered":"Rock&#8217;n&#8217;Roll-Akrobatik"},"content":{"rendered":"<p><img loading=\"lazy\" decoding=\"async\" class=\"alignnone wp-image-982\" src=\"https:\/\/mb2014.fun2u.at\/wp-content\/uploads\/2014\/04\/RnR001.jpg\" alt=\"RnR001\" width=\"160\" height=\"155\" srcset=\"https:\/\/mb2014.fun2u.at\/wp-content\/uploads\/2014\/04\/RnR001.jpg 478w, https:\/\/mb2014.fun2u.at\/wp-content\/uploads\/2014\/04\/RnR001-300x289.jpg 300w\" sizes=\"(max-width: 160px) 100vw, 160px\" \/>\u00a0\u00a0<img loading=\"lazy\" decoding=\"async\" class=\"alignnone wp-image-985\" src=\"https:\/\/mb2014.fun2u.at\/wp-content\/uploads\/2014\/04\/RnR004.jpg\" alt=\"RnR004\" width=\"141\" height=\"155\" srcset=\"https:\/\/mb2014.fun2u.at\/wp-content\/uploads\/2014\/04\/RnR004.jpg 454w, https:\/\/mb2014.fun2u.at\/wp-content\/uploads\/2014\/04\/RnR004-272x300.jpg 272w\" sizes=\"(max-width: 141px) 100vw, 141px\" \/>\u00a0<img loading=\"lazy\" decoding=\"async\" class=\"alignnone wp-image-984\" src=\"https:\/\/mb2014.fun2u.at\/wp-content\/uploads\/2014\/04\/RnR003.jpg\" alt=\"RnR003\" width=\"87\" height=\"155\" srcset=\"https:\/\/mb2014.fun2u.at\/wp-content\/uploads\/2014\/04\/RnR003.jpg 279w, https:\/\/mb2014.fun2u.at\/wp-content\/uploads\/2014\/04\/RnR003-169x300.jpg 169w\" sizes=\"(max-width: 87px) 100vw, 87px\" \/>\u00a0<img loading=\"lazy\" decoding=\"async\" class=\"alignnone wp-image-986\" src=\"https:\/\/mb2014.fun2u.at\/wp-content\/uploads\/2014\/04\/RnR006.jpg\" alt=\"RnR006\" width=\"133\" height=\"155\" srcset=\"https:\/\/mb2014.fun2u.at\/wp-content\/uploads\/2014\/04\/RnR006.jpg 396w, https:\/\/mb2014.fun2u.at\/wp-content\/uploads\/2014\/04\/RnR006-256x300.jpg 256w\" sizes=\"(max-width: 133px) 100vw, 133px\" \/> <img loading=\"lazy\" decoding=\"async\" class=\"alignnone wp-image-983\" src=\"https:\/\/mb2014.fun2u.at\/wp-content\/uploads\/2014\/04\/RnR002.jpg\" alt=\"RnR002\" width=\"143\" height=\"155\" srcset=\"https:\/\/mb2014.fun2u.at\/wp-content\/uploads\/2014\/04\/RnR002.jpg 411w, https:\/\/mb2014.fun2u.at\/wp-content\/uploads\/2014\/04\/RnR002-277x300.jpg 277w\" sizes=\"(max-width: 143px) 100vw, 143px\" \/><\/p>\n<hr \/>\n<p>Schurl&#8217;s Rock Show Club war ein kurzes, aber sehr intensives Abenteuer in meiner Tanzzeit. \u00dcber eine Aktion von Jugend in Wien kam ich zu einem Training bei diesem Club.<\/p>\n<p>Ich war zu diesem Zeitpunkt 26 Jahre alt, eigentlich zu alt f\u00fcr den Einstieg. So bekam ich auch nur sehr junge M\u00e4dchen als Tanzpartnerinnen. Und leider haben die auch noch alles andere als einen gro\u00dfen Ehrgeiz beim Training an den Tag gelegt.<\/p>\n<p>Immerhin wurde ich, durch meine sportliche Vorbildung, sehr rasch zum Fachmann f\u00fcr das Aufw\u00e4rmen erkoren. Die anderen Paare haben mich daf\u00fcr gehasst.<\/p>\n<p>Immerhin habe ich es mit meiner Partnerin Manuela geschafft an 5 Turnieren teilzunehmen. Da wir es leider nicht geschafft haben, mehr als einmal pro Woche zu trainieren, haben sich unsere Erfolge auch in Grenzen gehalten.<\/p>\n<p>[embedyt]https:\/\/www.youtube.com\/watch?v=nQ5dNdCWf8Q[\/embedyt]<\/p>\n<p>Die dankbarste und sch\u00f6nste Aufgabe im Zusammenhang mit der Rock&#8217;n&#8217;Roll-Akrobatik war die Betreuung eines Kinderpaares: Ein Geschwisterpaar, er 6 Jahre, sie 5 Jahre und nat\u00fcrlich ihre Eltern, haben mich als &#8222;Trainer&#8220; auserkoren. Ich habe sehr viel Freude mit diesem Paar gehabt. Leider habe ich sie dann v\u00f6llig aus den Augen verloren.<\/p>\n<p>Schurl&#8217;s Rock Show Club hatte leider mit einer mangelnden Mitgliederzahl zu k\u00e4mpfen. Und da auch dieser Betrieb ohne Geld nicht funktioniert hat sich unser Clubchef Georg Gutfleisch dazu entschlossen, den Clubbetrieb einzustellen. Da ich zu dieser Zeit ohnehin wieder ohne Partnerin dastand war das auch das Ende meiner Rock&#8217;n&#8217;Roll-Karriere.<\/p>\n","protected":false},"excerpt":{"rendered":"<p>\u00a0\u00a0\u00a0\u00a0 Schurl&#8217;s Rock Show Club war ein kurzes, aber sehr intensives Abenteuer in meiner Tanzzeit. \u00dcber eine Aktion von Jugend in Wien kam ich zu einem Training bei diesem Club. Ich war zu diesem Zeitpunkt 26 Jahre alt, eigentlich zu alt f\u00fcr den Einstieg. So bekam ich auch nur sehr junge M\u00e4dchen als Tanzpartnerinnen. Und [&hellip;]<\/p>\n","protected":false},"author":1,"featured_media":0,"parent":246,"menu_order":4,"comment_status":"closed","ping_status":"closed","template":"","meta":{"footnotes":""},"_links":{"self":[{"href":"https:\/\/mb2014.fun2u.at\/index.php?rest_route=\/wp\/v2\/pages\/822"}],"collection":[{"href":"https:\/\/mb2014.fun2u.at\/index.php?rest_route=\/wp\/v2\/pages"}],"about":[{"href":"https:\/\/mb2014.fun2u.at\/index.php?rest_route=\/wp\/v2\/types\/page"}],"author":[{"embeddable":true,"href":"https:\/\/mb2014.fun2u.at\/index.php?rest_route=\/wp\/v2\/users\/1"}],"replies":[{"embeddable":true,"href":"https:\/\/mb2014.fun2u.at\/index.php?rest_route=%2Fwp%2Fv2%2Fcomments&post=822"}],"version-history":[{"count":13,"href":"https:\/\/mb2014.fun2u.at\/index.php?rest_route=\/wp\/v2\/pages\/822\/revisions"}],"predecessor-version":[{"id":995,"href":"https:\/\/mb2014.fun2u.at\/index.php?rest_route=\/wp\/v2\/pages\/822\/revisions\/995"}],"up":[{"embeddable":true,"href":"https:\/\/mb2014.fun2u.at\/index.php?rest_route=\/wp\/v2\/pages\/246"}],"wp:attachment":[{"href":"https:\/\/mb2014.fun2u.at\/index.php?rest_route=%2Fwp%2Fv2%2Fmedia&parent=822"}],"curies":[{"name":"wp","href":"https:\/\/api.w.org\/{rel}","templated":true}]}}