{"id":820,"date":"2014-04-04T11:49:19","date_gmt":"2014-04-04T09:49:19","guid":{"rendered":"https:\/\/mb2014.fun2u.at\/?page_id=820"},"modified":"2014-04-04T12:40:40","modified_gmt":"2014-04-04T10:40:40","slug":"rollstuhltanzen","status":"publish","type":"page","link":"https:\/\/mb2014.fun2u.at\/?page_id=820","title":{"rendered":"Rollstuhltanzen"},"content":{"rendered":"<p>Begonnen hat alles mit einer Idee von Maria und Heinz Mundstein: Sie wollten auch Behinderten das Tanzen zug\u00e4ngig machen. Welche Beweggr\u00fcnde schlussendlich auch immer hinter dieser Initiative gesteckt haben &#8211; Herausgekommen ist dabei etwas Gutes.<\/p>\n<p>Die Tanzschule Mundstein selbst war eigentlich schon aus baulichen Gr\u00fcnden nicht daf\u00fcr geeignet eine ideale Trainingsst\u00e4tte f\u00fcr die Behinderten-Tanzkurse zu sein: In einem Hinterhof und im Keller in der Mariahilfer Stra\u00dfe (Vis-a-Vis des Kaufhauses Gerngro\u00df) erreichte man die Tanzschule nur \u00fcber eine enge und steile Wendeltreppe. Vor allem mit den Rollstuhlfahrern war das eine echte Herausforderung. Unsere Rollies mussten immer von mehreren Personen hinuntergetragen werden.<\/p>\n<p>Aus den ersten bescheidenen Anf\u00e4ngen entwickelte sich sehr bald eine eigene Rollstuhltanzgruppe &#8211; die Mundstein Rollies. Quasi von Null weg haben wir versucht das &#8222;normale&#8220; Tanzschultanzen rollstuhlgerecht aufzubereiten. Meist nach der Methode &#8222;Versuch und Irrtum&#8220; bauten wir nach und nach unser Figurenrepertoire aus.<\/p>\n<p>1986 dann das erste Highlight: Einige unserer Paare nahmen an den Oslo-Open teil. Dieses Tanzturnier war zu dieser Zeit das Blackpool der Rollstuhlt\u00e4nzer und damit die inoffizielle Weltmeisterschaft. Unsere Paare haben dort dann auch tats\u00e4chlich einige Spitzenplatzierungen erreicht. Es hat sich aber bereits dort gezeigt, dass man auch in dieser Sparte des Tanzes mit reinen Tanzschulkenntnissen nicht mehr lange auskommen wird. Da Heinz Mundstein leider immer ein etwas gespanntes Verh\u00e4ltnis zum Thema Turniertanz gehabt hat blieb dieser Ausflug nach Oslo auch der Einzige seiner Art.<img decoding=\"async\" class=\"ngg_displayed_gallery mceItem\" alt=\"\" src=\"https:\/\/mb2014.fun2u.at\/index.php\/nextgen-attach_to_post\/preview\/id--845\" \/><\/p>\n<p>National betrachtet waren wir mit den Mundstein Rollies aber immer sehr aktiv. \u00dcber viele Jahre hinweg waren wir ein fester Bestandteil der ORF-Weihnachtssendung &#8222;Licht ins Dunkel&#8220;. Von 1987 bis 1993 haben wir dort jedes Jahr Live getanzt. Wir haben\u00a0B\u00e4lle er\u00f6ffnet, Festwochen bereichert und auf diversen weiteren Veranstaltungen getanzt.<img decoding=\"async\" class=\"ngg_displayed_gallery mceItem\" alt=\"\" src=\"https:\/\/mb2014.fun2u.at\/index.php\/nextgen-attach_to_post\/preview\/id--868\" \/><\/p>\n<p>Leider musste 1987 die Tanzschule ihren Betrieb einstellen. Der Pachtvertrag f\u00fcr das Lokal wurde nicht erneuert (Heute thront \u00fcber der ehemaligen Tanzschule eine Filiale von H&amp;M). Der Tanzbetrieb mit den Mundstein Rollies wurde in dieser schwierigen Zeit in verschiedenen Pfarrs\u00e4len aufrecht erhalten. Erst 1988 konnten wir dann im Jugendzentrum Ottakring einen neuen Saal f\u00fcr unsere Aktivit\u00e4ten auf Dauer beziehen.<\/p>\n<p>Durch die Abkopplung von einem echten Tanzschulbetrieb oder einem Tanzsportklub war es leider nicht m\u00f6glich uns so weiter zu entwickeln, wie wir das gerne gehabt h\u00e4tten. Neuerungen waren nur schwer durchzusetzen oder wurden von Heinz Mundstein, aus welchen Gr\u00fcnden auch immer, abgelehnt. Daher hat sich ein Teil der Mundstein Rollies abgespalten und eine eigene Truppe gegr\u00fcndet.: Die Rocking Rollies.<\/p>\n<p>Die Rocking Rollies fanden ihr erstes Quartier in einem Turnsaal in der Goldschlagstra\u00dfe. Dort wurde mit viel Elan an v\u00f6llig neuen Dingen experimentiert. Endlich konnten wir uns wieder besser entfalten. Es wurden neue Tanzprogramm ausgearbeitet, neue Kost\u00fcme und neue Designs wurden entwickelt.<img decoding=\"async\" class=\"ngg_displayed_gallery mceItem\" alt=\"\" src=\"https:\/\/mb2014.fun2u.at\/index.php\/nextgen-attach_to_post\/preview\/id--869\" \/><\/p>\n<p>Auch im n\u00e4chsten Quartier, wieder ein Pfarrsaal, wurde am neuen Image gearbeitet. Wir studierten eine tolle neue Lateinformation ein. Der Versuch mit dieser Formation wieder beim ORF in der Sendung &#8222;Licht ins Dunkel&#8220; aufzutreten wurde aber vom ORF abgelehnt. Aber auch ohne diesen Auftritt haben wir andere Veranstaltungen gefunden, die uns eingeladen haben.<\/p>\n<p>Die bei den Auftritten erhaltenen Spenden haben zum Teil unsere Ausgaben gedeckt. Das meiste haben wir aber immer aus eigener Tasche beigesteuert. Und leider ist uns das dann irgendwann einmal \u00fcber den Kopf gewachsen. Ohne starke Lobby hinter uns und ohne Sponsoren lies sich die Truppe nicht mehr finanzieren. Daher endete im Jahr 1995 unser Abenteuer Rollstuhltanz.<\/p>\n<p>Wir denken oft noch an die Zeit der Mundstein- und der Rocking Rollies zur\u00fcck. Falls jemand, der einmal dabei war, \u00fcber diese Zeilen stolpern sollte: Meldet Euch.<\/p>\n","protected":false},"excerpt":{"rendered":"<p>Begonnen hat alles mit einer Idee von Maria und Heinz Mundstein: Sie wollten auch Behinderten das Tanzen zug\u00e4ngig machen. Welche Beweggr\u00fcnde schlussendlich auch immer hinter dieser Initiative gesteckt haben &#8211; Herausgekommen ist dabei etwas Gutes. Die Tanzschule Mundstein selbst war eigentlich schon aus baulichen Gr\u00fcnden nicht daf\u00fcr geeignet eine ideale Trainingsst\u00e4tte f\u00fcr die Behinderten-Tanzkurse zu [&hellip;]<\/p>\n","protected":false},"author":1,"featured_media":0,"parent":246,"menu_order":3,"comment_status":"closed","ping_status":"closed","template":"","meta":{"footnotes":""},"_links":{"self":[{"href":"https:\/\/mb2014.fun2u.at\/index.php?rest_route=\/wp\/v2\/pages\/820"}],"collection":[{"href":"https:\/\/mb2014.fun2u.at\/index.php?rest_route=\/wp\/v2\/pages"}],"about":[{"href":"https:\/\/mb2014.fun2u.at\/index.php?rest_route=\/wp\/v2\/types\/page"}],"author":[{"embeddable":true,"href":"https:\/\/mb2014.fun2u.at\/index.php?rest_route=\/wp\/v2\/users\/1"}],"replies":[{"embeddable":true,"href":"https:\/\/mb2014.fun2u.at\/index.php?rest_route=%2Fwp%2Fv2%2Fcomments&post=820"}],"version-history":[{"count":4,"href":"https:\/\/mb2014.fun2u.at\/index.php?rest_route=\/wp\/v2\/pages\/820\/revisions"}],"predecessor-version":[{"id":870,"href":"https:\/\/mb2014.fun2u.at\/index.php?rest_route=\/wp\/v2\/pages\/820\/revisions\/870"}],"up":[{"embeddable":true,"href":"https:\/\/mb2014.fun2u.at\/index.php?rest_route=\/wp\/v2\/pages\/246"}],"wp:attachment":[{"href":"https:\/\/mb2014.fun2u.at\/index.php?rest_route=%2Fwp%2Fv2%2Fmedia&parent=820"}],"curies":[{"name":"wp","href":"https:\/\/api.w.org\/{rel}","templated":true}]}}