{"id":815,"date":"2014-04-04T11:19:08","date_gmt":"2014-04-04T09:19:08","guid":{"rendered":"https:\/\/mb2014.fun2u.at\/?page_id=815"},"modified":"2014-04-04T11:33:03","modified_gmt":"2014-04-04T09:33:03","slug":"tanzschule","status":"publish","type":"page","link":"https:\/\/mb2014.fun2u.at\/?page_id=815","title":{"rendered":"Tanzschule"},"content":{"rendered":"<p><a href=\"https:\/\/mb2014.fun2u.at\/wp-content\/uploads\/2014\/03\/Timeline_Tanzschule2.jpg\"><img loading=\"lazy\" decoding=\"async\" class=\"alignleft size-full wp-image-751\" style=\"margin-right: 10px; margin-left: 10px;\" alt=\"Timeline_Tanzschule2\" src=\"https:\/\/mb2014.fun2u.at\/wp-content\/uploads\/2014\/03\/Timeline_Tanzschule2.jpg\" width=\"140\" height=\"200\" \/><\/a>Die Tanzschule Mader &#8211; Mundstein war eine der wirklich alt-eingesessenen Tanzschulen Wiens. Zu einer Zeit zu der die meisten anderen Tanzschulen einen sehr noblen Nimbus und damit auch einen gehobenen Anspruch an die finanziellen Mittel ihrer Sch\u00fcler stellten, hat Heinz Mundstein schon fr\u00fch erkannt, dass er seine Sch\u00fcler anders binden muss. Bei ihm waren die Kurskosten eher gering und auch die Tagesbeitr\u00e4ge hielten sich in Grenzen. Man konnte dann aber bald verschiedene Kurse parallel besuchen und so Grundkenntnisse und Figurenrepertoire erweitern.<\/p>\n<p>Das Ambiente in der Tanzschule war vielleicht nicht das was man sich von einer Tanzschule vorstellt &#8211; es sah eher wie in einem heruntergekommenen Bordell aus. Ged\u00e4mpftes Licht, roter Pl\u00fcsch, barocke Spiegel und billige \u00d6lgem\u00e4lde. Das hat<br \/>\naber dem Tanzen keinen Abbruch getan. Was wir hier gelernt haben, das hat man zu dieser Zeit in keiner anderen Tanzschule Wiens gelernt.<\/p>\n<p>Wir haben in dieser Tanzschule beide mehr als nur Zeit verbracht. Als Assistentin und als Disc-Jockey haben wir dort mitgearbeitet und uns damit die Tanzkurse erarbeitet.<\/p>\n<p>Leider musste die Tanzschule Mundstein im Jahr 1987 den Betrieb einstellen. Heinz Mundstein war ja nur der P\u00e4chter der Tanzschule Anny Mader. Als Anny Mader verstarb haben ihre Erben den Pachtvertrag f\u00fcr das Kellerlokal nicht verl\u00e4ngert. Mit dem Verkauf an die Textilhandelskette H&amp;M konnten sie mehr verdienen.<\/p>\n<p>Trotz intensiver Bem\u00fchungen die Tanzschule an einem anderen Ort wieder zu er\u00f6ffnen war dies dann leider das Ende dieser, in vielen Belangen innovativen Tanzschule.<\/p>\n<p><a href=\"https:\/\/mb2014.fun2u.at\/wp-content\/uploads\/2014\/04\/Timeline_Tanzschule3.jpg\"><img loading=\"lazy\" decoding=\"async\" class=\"size-medium wp-image-818 alignright\" style=\"margin-right: 10px; margin-left: 10px;\" alt=\"Timeline_Tanzschule3\" src=\"https:\/\/mb2014.fun2u.at\/wp-content\/uploads\/2014\/04\/Timeline_Tanzschule3-300x145.jpg\" width=\"300\" height=\"145\" srcset=\"https:\/\/mb2014.fun2u.at\/wp-content\/uploads\/2014\/04\/Timeline_Tanzschule3-300x145.jpg 300w, https:\/\/mb2014.fun2u.at\/wp-content\/uploads\/2014\/04\/Timeline_Tanzschule3.jpg 327w\" sizes=\"(max-width: 300px) 100vw, 300px\" \/><\/a>Nach vielen Jahren Tanzschulabstinenz habe ich (Martin) dann noch ein kurzes Gastspiel in der Tanzschule dance4fun gehabt. Mit einem \u00e4hnlich frischen Konzept wie bereits Jahrzehnte zuvor Heinz Mundstein war auch diese Tanzschule sofort ein Zuhause f\u00fcr mich. Wenn ich auch mit der falschen Partnerin dort war &#8211; ich kann diese Tanzschule nur empfehlen.<\/p>\n<p><a href=\"https:\/\/www.danceforfun.at\/\" target=\"_blank\">Mehr zur Tanzschule dance4fun &#8230;<\/a><\/p>\n","protected":false},"excerpt":{"rendered":"<p>Die Tanzschule Mader &#8211; Mundstein war eine der wirklich alt-eingesessenen Tanzschulen Wiens. Zu einer Zeit zu der die meisten anderen Tanzschulen einen sehr noblen Nimbus und damit auch einen gehobenen Anspruch an die finanziellen Mittel ihrer Sch\u00fcler stellten, hat Heinz Mundstein schon fr\u00fch erkannt, dass er seine Sch\u00fcler anders binden muss. Bei ihm waren die [&hellip;]<\/p>\n","protected":false},"author":1,"featured_media":0,"parent":246,"menu_order":2,"comment_status":"closed","ping_status":"closed","template":"","meta":{"footnotes":""},"_links":{"self":[{"href":"https:\/\/mb2014.fun2u.at\/index.php?rest_route=\/wp\/v2\/pages\/815"}],"collection":[{"href":"https:\/\/mb2014.fun2u.at\/index.php?rest_route=\/wp\/v2\/pages"}],"about":[{"href":"https:\/\/mb2014.fun2u.at\/index.php?rest_route=\/wp\/v2\/types\/page"}],"author":[{"embeddable":true,"href":"https:\/\/mb2014.fun2u.at\/index.php?rest_route=\/wp\/v2\/users\/1"}],"replies":[{"embeddable":true,"href":"https:\/\/mb2014.fun2u.at\/index.php?rest_route=%2Fwp%2Fv2%2Fcomments&post=815"}],"version-history":[{"count":3,"href":"https:\/\/mb2014.fun2u.at\/index.php?rest_route=\/wp\/v2\/pages\/815\/revisions"}],"predecessor-version":[{"id":819,"href":"https:\/\/mb2014.fun2u.at\/index.php?rest_route=\/wp\/v2\/pages\/815\/revisions\/819"}],"up":[{"embeddable":true,"href":"https:\/\/mb2014.fun2u.at\/index.php?rest_route=\/wp\/v2\/pages\/246"}],"wp:attachment":[{"href":"https:\/\/mb2014.fun2u.at\/index.php?rest_route=%2Fwp%2Fv2%2Fmedia&parent=815"}],"curies":[{"name":"wp","href":"https:\/\/api.w.org\/{rel}","templated":true}]}}