{"id":557,"date":"2014-03-20T14:04:38","date_gmt":"2014-03-20T12:04:38","guid":{"rendered":"https:\/\/mb2014.fun2u.at\/?page_id=557"},"modified":"2014-10-10T09:00:44","modified_gmt":"2014-10-10T07:00:44","slug":"show","status":"publish","type":"page","link":"https:\/\/mb2014.fun2u.at\/?page_id=557","title":{"rendered":"Show"},"content":{"rendered":"<p><img loading=\"lazy\" decoding=\"async\" class=\"alignleft  wp-image-21\" style=\"border-radius: 10px; margin-right: 10px; margin-left: 10px;\" src=\"https:\/\/mb2014.fun2u.at\/wp-content\/uploads\/2014\/03\/hochzeit_04-206x300.jpg\" alt=\"hochzeit_04\" width=\"124\" height=\"180\" srcset=\"https:\/\/mb2014.fun2u.at\/wp-content\/uploads\/2014\/03\/hochzeit_04-206x300.jpg 206w, https:\/\/mb2014.fun2u.at\/wp-content\/uploads\/2014\/03\/hochzeit_04.jpg 228w\" sizes=\"(max-width: 124px) 100vw, 124px\" \/><\/p>\n<p>Gleich zu Beginn des eigentlichen Festes hat der Brautvater mit einer Show-\u00dcberraschung einmal alle von den Sitzen gerissen. Er hat ein Gruppe engagiert, die Musikgr\u00f6\u00dfen von einst und jetzt in einer tollen Show parodiert haben &#8211; daher auch deren Name: <a href=\"https:\/\/www.parodeiser.at\/\" target=\"_blank\">Die Parodeiser<\/a><\/p>\n<p><img decoding=\"async\" class=\"ngg_displayed_gallery mceItem\" src=\"https:\/\/mb2014.fun2u.at\/index.php\/nextgen-attach_to_post\/preview\/id--1387\" alt=\"\" \/><\/p>\n","protected":false},"excerpt":{"rendered":"<p>Gleich zu Beginn des eigentlichen Festes hat der Brautvater mit einer Show-\u00dcberraschung einmal alle von den Sitzen gerissen. Er hat ein Gruppe engagiert, die Musikgr\u00f6\u00dfen von einst und jetzt in einer tollen Show parodiert haben &#8211; daher auch deren Name: Die Parodeiser<\/p>\n","protected":false},"author":1,"featured_media":21,"parent":267,"menu_order":5,"comment_status":"closed","ping_status":"closed","template":"","meta":{"footnotes":""},"_links":{"self":[{"href":"https:\/\/mb2014.fun2u.at\/index.php?rest_route=\/wp\/v2\/pages\/557"}],"collection":[{"href":"https:\/\/mb2014.fun2u.at\/index.php?rest_route=\/wp\/v2\/pages"}],"about":[{"href":"https:\/\/mb2014.fun2u.at\/index.php?rest_route=\/wp\/v2\/types\/page"}],"author":[{"embeddable":true,"href":"https:\/\/mb2014.fun2u.at\/index.php?rest_route=\/wp\/v2\/users\/1"}],"replies":[{"embeddable":true,"href":"https:\/\/mb2014.fun2u.at\/index.php?rest_route=%2Fwp%2Fv2%2Fcomments&post=557"}],"version-history":[{"count":5,"href":"https:\/\/mb2014.fun2u.at\/index.php?rest_route=\/wp\/v2\/pages\/557\/revisions"}],"predecessor-version":[{"id":1388,"href":"https:\/\/mb2014.fun2u.at\/index.php?rest_route=\/wp\/v2\/pages\/557\/revisions\/1388"}],"up":[{"embeddable":true,"href":"https:\/\/mb2014.fun2u.at\/index.php?rest_route=\/wp\/v2\/pages\/267"}],"wp:featuredmedia":[{"embeddable":true,"href":"https:\/\/mb2014.fun2u.at\/index.php?rest_route=\/wp\/v2\/media\/21"}],"wp:attachment":[{"href":"https:\/\/mb2014.fun2u.at\/index.php?rest_route=%2Fwp%2Fv2%2Fmedia&parent=557"}],"curies":[{"name":"wp","href":"https:\/\/api.w.org\/{rel}","templated":true}]}}